{"id":18,"date":"2024-12-22T09:48:23","date_gmt":"2024-12-22T08:48:23","guid":{"rendered":"https:\/\/entleitner.webverwaltung.rhektec.at\/?page_id=18"},"modified":"2024-12-31T17:36:14","modified_gmt":"2024-12-31T16:36:14","slug":"informationen-kontakt","status":"publish","type":"page","link":"https:\/\/www.karate-mottomo.at\/?page_id=18","title":{"rendered":"Informationen \/ Kontakt"},"content":{"rendered":"\n<h3 class=\"wp-block-heading\">Wann und wo findet das Training statt?<\/h3>\n\n\n\n<div style=\"height:20px\" aria-hidden=\"true\" class=\"wp-block-spacer\"><\/div>\n\n\n\n<style>\n        body {\n            font-family: Arial, sans-serif;\n            margin: 0;\n            padding: 0;\n            background-color: #f9f9f9;\n        }\n        table {\n            width: 100%;\n            border-collapse: collapse;\n            margin: 0;\n            background-color: #fff;\n            border: 1px solid #ddd;\n        }\n        th, td {\n            padding: 15px;\n            text-align: left;\n            border-bottom: 1px solid #ddd;\n        }\n        th {\n            background-color: #f4f4f4;\n            font-size: 18px;\n            color: #333;\n        }\n        tr:hover {\n            background-color: #f1f1f1;\n        }\n        td {\n            font-size: 16px;\n        }\n        caption {\n            font-size: 20px;\n            font-weight: bold;\n            text-align: left;\n            padding: 15px;\n            background-color: #f4f4f4;\n            border-bottom: 1px solid #ddd;\n        }\n    <\/style>\n<\/head>\n<body>\n\n<table>\n   \n    <thead>\n        <tr>\n            <th>Tag<\/th>\n            <th>Uhrzeit<\/th>\n            <th>Ort<\/th>\n        <\/tr>\n    <\/thead>\n    <tbody>\n        <tr>\n            <td>Dienstag<\/td>\n            <td>18:00 &#8211; 19:00<\/td>\n            <td>Turnsaal VS Uttendorf<\/td>\n        <\/tr>\n        <tr>\n            <td>Samstag<\/td>\n            <td>09:00 &#8211; 10:00<\/td>\n            <td>Turnsaal VS Uttendorf<\/td>\n        <\/tr>\n    <\/tbody>\n<\/table>\n\n\n\n<div style=\"height:30px\" aria-hidden=\"true\" class=\"wp-block-spacer\"><\/div>\n\n\n\n<h3 class=\"wp-block-heading\">Was brauche ich alles?<\/h3>\n\n\n\n<div style=\"height:0px\" aria-hidden=\"true\" class=\"wp-block-spacer\"><\/div>\n\n\n\n<ul class=\"wp-block-list\">\n<li>F\u00fcr Anf\u00e4nger &#8211; bequeme Sportbekleidung<\/li>\n\n\n\n<li>Trainiert wird barfu\u00df!<\/li>\n\n\n\n<li>Bei langfristiger Anmeldung muss ein Karate-Gi (Kampfanzug) getragen werden. (Kann \u00fcber unseren Verein bezogen werden)<\/li>\n<\/ul>\n\n\n\n<div style=\"height:30px\" aria-hidden=\"true\" class=\"wp-block-spacer\"><\/div>\n\n\n\n<h3 class=\"wp-block-heading\">Probetraining und Anmeldung<\/h3>\n\n\n\n<div style=\"height:0px\" aria-hidden=\"true\" class=\"wp-block-spacer\"><\/div>\n\n\n\n<p>Die ersten 3 Wochen sind kostenlos. Danach erfolgt die Anmeldung!<\/p>\n\n\n\n<div style=\"height:30px\" aria-hidden=\"true\" class=\"wp-block-spacer\"><\/div>\n\n\n\n<h3 class=\"wp-block-heading\">Kontakt<\/h3>\n\n\n\n<div style=\"height:0px\" aria-hidden=\"true\" class=\"wp-block-spacer\"><\/div>\n\n\n\n<p>Werd auch du Karate-K\u00e4mpfer. Wir freuen uns auf dich!!<\/p>\n\n\n\n<ul class=\"wp-block-list\">\n<li>Telefon: +43 680 20 80 849<\/li>\n\n\n\n<li>E-Mail: s.k.holz@aon.at<\/li>\n<\/ul>\n\n\n\n<div style=\"height:30px\" aria-hidden=\"true\" class=\"wp-block-spacer\"><\/div>\n\n\n\n<h3 class=\"wp-block-heading\">Social Media<\/h3>\n\n\n\n<p>Folge uns gerne auf Facebook! Hier posten wir regelm\u00e4\u00dfig unsere aktuellen Events wie eine G\u00fcrtelpr\u00fcfung, Turnier oder Ausfl\u00fcge.<\/p>\n\n\n\n<p><\/p>\n","protected":false},"excerpt":{"rendered":"<p>Wann und wo findet das Training statt? Tag Uhrzeit Ort Dienstag 18:00 &#8211; 19:00 Turnsaal VS Uttendorf Samstag 09:00 &#8211; 10:00 Turnsaal VS Uttendorf Was brauche ich alles? Probetraining und Anmeldung Die ersten 3 Wochen sind kostenlos. Danach erfolgt die Anmeldung! Kontakt Werd auch du Karate-K\u00e4mpfer. Wir freuen uns auf dich!! Social Media Folge uns [&hellip;]<\/p>\n","protected":false},"author":1,"featured_media":0,"parent":0,"menu_order":0,"comment_status":"closed","ping_status":"closed","template":"","meta":{"saved_in_kubio":false,"footnotes":""},"class_list":["post-18","page","type-page","status-publish","hentry"],"kubio_ai_page_context":{"short_desc":"","purpose":"general"},"_links":{"self":[{"href":"https:\/\/www.karate-mottomo.at\/index.php?rest_route=\/wp\/v2\/pages\/18","targetHints":{"allow":["GET"]}}],"collection":[{"href":"https:\/\/www.karate-mottomo.at\/index.php?rest_route=\/wp\/v2\/pages"}],"about":[{"href":"https:\/\/www.karate-mottomo.at\/index.php?rest_route=\/wp\/v2\/types\/page"}],"author":[{"embeddable":true,"href":"https:\/\/www.karate-mottomo.at\/index.php?rest_route=\/wp\/v2\/users\/1"}],"replies":[{"embeddable":true,"href":"https:\/\/www.karate-mottomo.at\/index.php?rest_route=%2Fwp%2Fv2%2Fcomments&post=18"}],"version-history":[{"count":31,"href":"https:\/\/www.karate-mottomo.at\/index.php?rest_route=\/wp\/v2\/pages\/18\/revisions"}],"predecessor-version":[{"id":320,"href":"https:\/\/www.karate-mottomo.at\/index.php?rest_route=\/wp\/v2\/pages\/18\/revisions\/320"}],"wp:attachment":[{"href":"https:\/\/www.karate-mottomo.at\/index.php?rest_route=%2Fwp%2Fv2%2Fmedia&parent=18"}],"curies":[{"name":"wp","href":"https:\/\/api.w.org\/{rel}","templated":true}]}}