{"id":241,"date":"2024-12-29T20:24:39","date_gmt":"2024-12-29T19:24:39","guid":{"rendered":"https:\/\/entleitner.webverwaltung.rhektec.at\/?page_id=241"},"modified":"2024-12-31T17:01:12","modified_gmt":"2024-12-31T16:01:12","slug":"impressum","status":"publish","type":"page","link":"https:\/\/www.karate-mottomo.at\/?page_id=241","title":{"rendered":"Impressum"},"content":{"rendered":"\n<h2 class=\"wp-block-heading\"><strong>Impressum<\/strong><\/h2>\n\n\n\n<p>Informationspflicht laut \u00a75 E-Commerce Gesetz, \u00a763 Gewerbeordnung, \u00a714 Unternehmensgesetzbuch und Offenlegungspflicht laut \u00a725 Mediengesetz<\/p>\n\n\n\n<p>Karate Shotokan Mottomo<\/p>\n\n\n\n<p>Bruckbergweg 8<br>5700 Zell am See<br>\u00d6sterreich<\/p>\n\n\n\n<p>Obmann: Ingo Holz <br>Tel: +43 680 2080849<br>E-Mail: <a target=\"_blank\" rel=\"noreferrer noopener\">s.k.holz@aon.at<\/a><\/p>\n\n\n\n<p>Mitgliedschaften bei: Karate Landesverband Salzburg<\/p>\n\n\n\n<p>Aufsichtsbeh\u00f6rde\/Gewerbebeh\u00f6rde: Bezirkshauptmannschaft Zell am See<br>Verleihungsstaat: \u00d6sterreich<br>ZVR-Zahl: 1932106605 <\/p>\n\n\n\n<p>Blattlinie: Traditionelles Karate<\/p>\n\n\n\n<h2 class=\"wp-block-heading\"><strong>Ihre Rechte<\/strong><\/h2>\n\n\n\n<p>Ihnen stehen bez\u00fcglich Ihrer bei uns gespeicherten Daten grunds\u00e4tzlich die Rechte auf Auskunft, Berichtigung, L\u00f6schung, Einschr\u00e4nkung, Daten\u00fcbertragbarkeit, Widerruf und Widerspruch zu. Wenn Sie glauben, dass die Verarbeitung Ihrer Daten gegen das Datenschutzrecht verst\u00f6\u00dft oder Ihre datenschutzrechtlichen Anspr\u00fcche sonst in einer Weise verletzt worden sind, k\u00f6nnen Sie sich bei der oben genannten E-Mail-Adresse oder Ihrer Datenschutzbeh\u00f6rde beschweren.<\/p>\n\n\n\n<h2 class=\"wp-block-heading\"><strong>Teilnahme an Online-Streitbeilegung laut AStG und ODR-VO<\/strong><\/h2>\n\n\n\n<p>Verbraucher haben die M\u00f6glichkeit, Beschwerden direkt an unsere oben genannte E-Mail bzw. Postadresse zu richten oder \u00fcber eine Online-Streitbeilegungsplattform zu melden. Dar\u00fcber m\u00f6chten wir Sie gem\u00e4\u00df dem Alternative-Streitbeilegung-Gesetz (AStG) und der EU-Verordnung Online-Streitbeilegung (ODR-VO) gerne informieren.<\/p>\n\n\n\n<p>Weiters m\u00f6chten wir Sie darauf hinweisen, dass die Teilnahme an einer Online-Streitbeilegungsplattform nicht verpflichtend ist, sondern lediglich auf freiwilliger Basis erfolgt. Da wir der \u00dcberzeugung sind, dass Streitereien jedoch weder f\u00fcr die eine, noch f\u00fcr die andere Partei sinnvoll und wir um L\u00f6sungen bem\u00fcht sind, bieten wir Ihnen folgende Plattformen zur Meldung an:<\/p>\n\n\n\n<ul class=\"wp-block-list\">\n<li><a href=\"https:\/\/www.verbraucherschlichtung.at\/\" target=\"_blank\" rel=\"noreferrer noopener\">Schlichtung f\u00fcr Verbrauchergesch\u00e4fte<\/a><\/li>\n\n\n\n<li><a href=\"http:\/\/ec.europa.eu\/odr\" target=\"_blank\" rel=\"noreferrer noopener\">Online-Streitschlichtungsplattform nach Art 14 ODR-VO<\/a><\/li>\n<\/ul>\n\n\n\n<p><em>Generiert mit dem kostenlosen und einfachen <\/em><a href=\"https:\/\/idigit.onl\/\" rel=\"noreferrer noopener\" target=\"_blank\"><em>Impressum Generator von idigIT e.U.<\/em><\/a><\/p>\n","protected":false},"excerpt":{"rendered":"<p>Impressum Informationspflicht laut \u00a75 E-Commerce Gesetz, \u00a763 Gewerbeordnung, \u00a714 Unternehmensgesetzbuch und Offenlegungspflicht laut \u00a725 Mediengesetz Karate Shotokan Mottomo Bruckbergweg 85700 Zell am See\u00d6sterreich Obmann: Ingo Holz Tel: +43 680 2080849E-Mail: s.k.holz@aon.at Mitgliedschaften bei: Karate Landesverband Salzburg Aufsichtsbeh\u00f6rde\/Gewerbebeh\u00f6rde: Bezirkshauptmannschaft Zell am SeeVerleihungsstaat: \u00d6sterreichZVR-Zahl: 1932106605 Blattlinie: Traditionelles Karate Ihre Rechte Ihnen stehen bez\u00fcglich Ihrer bei uns gespeicherten [&hellip;]<\/p>\n","protected":false},"author":1,"featured_media":0,"parent":0,"menu_order":0,"comment_status":"closed","ping_status":"closed","template":"","meta":{"saved_in_kubio":false,"footnotes":""},"class_list":["post-241","page","type-page","status-publish","hentry"],"kubio_ai_page_context":{"short_desc":"","purpose":"general"},"_links":{"self":[{"href":"https:\/\/www.karate-mottomo.at\/index.php?rest_route=\/wp\/v2\/pages\/241","targetHints":{"allow":["GET"]}}],"collection":[{"href":"https:\/\/www.karate-mottomo.at\/index.php?rest_route=\/wp\/v2\/pages"}],"about":[{"href":"https:\/\/www.karate-mottomo.at\/index.php?rest_route=\/wp\/v2\/types\/page"}],"author":[{"embeddable":true,"href":"https:\/\/www.karate-mottomo.at\/index.php?rest_route=\/wp\/v2\/users\/1"}],"replies":[{"embeddable":true,"href":"https:\/\/www.karate-mottomo.at\/index.php?rest_route=%2Fwp%2Fv2%2Fcomments&post=241"}],"version-history":[{"count":8,"href":"https:\/\/www.karate-mottomo.at\/index.php?rest_route=\/wp\/v2\/pages\/241\/revisions"}],"predecessor-version":[{"id":317,"href":"https:\/\/www.karate-mottomo.at\/index.php?rest_route=\/wp\/v2\/pages\/241\/revisions\/317"}],"wp:attachment":[{"href":"https:\/\/www.karate-mottomo.at\/index.php?rest_route=%2Fwp%2Fv2%2Fmedia&parent=241"}],"curies":[{"name":"wp","href":"https:\/\/api.w.org\/{rel}","templated":true}]}}